{"id":98,"date":"2024-02-20T11:07:29","date_gmt":"2024-02-20T10:07:29","guid":{"rendered":"http:\/\/serwer2339317.home.pl\/autoinstalator\/wordpressplugins\/?page_id=98"},"modified":"2024-04-09T13:43:41","modified_gmt":"2024-04-09T11:43:41","slug":"kontakt","status":"publish","type":"page","link":"https:\/\/tiplex.pl\/index.php\/kontakt\/","title":{"rendered":"Kontakt"},"content":{"rendered":"\t\t<div data-elementor-type=\"wp-page\" data-elementor-id=\"98\" class=\"elementor elementor-98\">\n\t\t\t\t<div class=\"elementor-element elementor-element-c7a1ec4 e-con-full e-flex e-con e-parent\" data-id=\"c7a1ec4\" data-element_type=\"container\" data-settings=\"{&quot;background_background&quot;:&quot;classic&quot;}\" data-core-v316-plus=\"true\">\n\t\t<div data-ha-element-link=\"{&quot;url&quot;:&quot;https:\\\/\\\/www.google.com\\\/maps\\\/dir\\\/\\\/Bukowska+332,+Pozna%C5%84\\\/@52.4129376,16.7492595,12z\\\/data=!4m8!4m7!1m0!1m5!1m1!1s0x4704445aa52ef15b:0xbce730a64db1fc10!2m2!1d16.8316594!2d52.4128615?entry=ttu&quot;,&quot;is_external&quot;:&quot;on&quot;,&quot;nofollow&quot;:&quot;&quot;}\" style=\"cursor: pointer\" class=\"elementor-element elementor-element-85931d5 e-con-full e-flex e-con e-child\" data-id=\"85931d5\" data-element_type=\"container\" data-settings=\"{&quot;_ha_eqh_enable&quot;:false}\">\n\t\t\t\t<div class=\"elementor-element elementor-element-fd5d08f elementor-widget-mobile__width-initial ha-infobox-media-dir-top elementor-widget elementor-widget-ha-infobox happy-addon ha-infobox\" data-id=\"fd5d08f\" data-element_type=\"widget\" data-widget_type=\"ha-infobox.default\">\n\t\t\t\t<div class=\"elementor-widget-container\">\n\t\t\t\n\t\t\t\t\t<figure class=\"ha-infobox-figure ha-infobox-figure--icon\">\n\t\t\t\t<i aria-hidden=\"true\" class=\"hm hm-map-marker\"><\/i>\t\t\t<\/figure>\n\t\t\n\t\t<div class=\"ha-infobox-body\">\n\t\t\t<h2 class=\"ha-infobox-title\">Adres<\/h2>\n\t\t\t\t\t\t\t<div class=\"ha-infobox-text\">\n\t\t\t\t\t<p>ul. Bukowska 332, Pozna\u0144 60-189<\/p>\n\t\t\t\t<\/div>\n\t\t\t\n\t\t\t\t\t<\/div>\n\t\t\t\t<\/div>\n\t\t\t\t<\/div>\n\t\t\t\t<\/div>\n\t\t<div data-ha-element-link=\"{&quot;url&quot;:&quot;tel:+48611000800&quot;,&quot;is_external&quot;:&quot;&quot;,&quot;nofollow&quot;:&quot;&quot;}\" style=\"cursor: pointer\" class=\"elementor-element elementor-element-f9f70b7 e-con-full e-flex e-con e-child\" data-id=\"f9f70b7\" data-element_type=\"container\" data-settings=\"{&quot;_ha_eqh_enable&quot;:false}\">\n\t\t\t\t<div data-ha-element-link=\"{&quot;url&quot;:&quot;tel:611000800&quot;,&quot;is_external&quot;:&quot;&quot;,&quot;nofollow&quot;:&quot;&quot;}\" style=\"cursor: pointer\" class=\"elementor-element elementor-element-2cc7ed3 elementor-widget-mobile__width-initial ha-infobox-media-dir-top elementor-widget elementor-widget-ha-infobox happy-addon ha-infobox\" data-id=\"2cc7ed3\" data-element_type=\"widget\" data-widget_type=\"ha-infobox.default\">\n\t\t\t\t<div class=\"elementor-widget-container\">\n\t\t\t\n\t\t\t\t\t<figure class=\"ha-infobox-figure ha-infobox-figure--icon\">\n\t\t\t\t<i aria-hidden=\"true\" class=\"hm hm-phone\"><\/i>\t\t\t<\/figure>\n\t\t\n\t\t<div class=\"ha-infobox-body\">\n\t\t\t<h2 class=\"ha-infobox-title\">Numer telefonu<\/h2>\n\t\t\t\t\t\t\t<div class=\"ha-infobox-text\">\n\t\t\t\t\t<p> + 48 61 1000 800 <\/p>\n\t\t\t\t<\/div>\n\t\t\t\n\t\t\t\t\t<\/div>\n\t\t\t\t<\/div>\n\t\t\t\t<\/div>\n\t\t\t\t<\/div>\n\t\t<div data-ha-element-link=\"{&quot;url&quot;:&quot;mailto:%20info@tiplex.pl&quot;,&quot;is_external&quot;:&quot;&quot;,&quot;nofollow&quot;:&quot;&quot;}\" style=\"cursor: pointer\" class=\"elementor-element elementor-element-032828f e-con-full e-flex e-con e-child\" data-id=\"032828f\" data-element_type=\"container\" data-settings=\"{&quot;_ha_eqh_enable&quot;:false}\">\n\t\t\t\t<div data-ha-element-link=\"{&quot;url&quot;:&quot;mailto:%20info@tiplex.pl%20&quot;,&quot;is_external&quot;:&quot;&quot;,&quot;nofollow&quot;:&quot;&quot;}\" style=\"cursor: pointer\" class=\"elementor-element elementor-element-c37f3ea elementor-widget-mobile__width-initial ha-infobox-media-dir-top elementor-widget elementor-widget-ha-infobox happy-addon ha-infobox\" data-id=\"c37f3ea\" data-element_type=\"widget\" data-widget_type=\"ha-infobox.default\">\n\t\t\t\t<div class=\"elementor-widget-container\">\n\t\t\t\n\t\t\t\t\t<figure class=\"ha-infobox-figure ha-infobox-figure--icon\">\n\t\t\t\t<i aria-hidden=\"true\" class=\"hm hm-envelop2\"><\/i>\t\t\t<\/figure>\n\t\t\n\t\t<div class=\"ha-infobox-body\">\n\t\t\t<h2 class=\"ha-infobox-title\"> Email<\/h2>\n\t\t\t\t\t\t\t<div class=\"ha-infobox-text\">\n\t\t\t\t\t<p> info@tiplex.pl <\/p>\n\t\t\t\t<\/div>\n\t\t\t\n\t\t\t\t\t<\/div>\n\t\t\t\t<\/div>\n\t\t\t\t<\/div>\n\t\t\t\t<\/div>\n\t\t<div class=\"elementor-element elementor-element-0a94b9e e-con-full e-flex e-con e-child\" data-id=\"0a94b9e\" data-element_type=\"container\" data-settings=\"{&quot;_ha_eqh_enable&quot;:false}\">\n\t\t\t\t<div class=\"elementor-element elementor-element-b54fd92 elementor-widget-mobile__width-initial ha-infobox-media-dir-top elementor-widget elementor-widget-ha-infobox happy-addon ha-infobox\" data-id=\"b54fd92\" data-element_type=\"widget\" data-widget_type=\"ha-infobox.default\">\n\t\t\t\t<div class=\"elementor-widget-container\">\n\t\t\t\n\t\t\t\t\t<figure class=\"ha-infobox-figure ha-infobox-figure--icon\">\n\t\t\t\t<i aria-hidden=\"true\" class=\"hm hm-billing-address\"><\/i>\t\t\t<\/figure>\n\t\t\n\t\t<div class=\"ha-infobox-body\">\n\t\t\t<h2 class=\"ha-infobox-title\"> Dane rejestrowe <\/h2>\n\t\t\t\t\t\t\t<div class=\"ha-infobox-text\">\n\t\t\t\t\t<p>KRS: 0000286274<br>\nNIP: 7781448181 <\/p>\n\t\t\t\t<\/div>\n\t\t\t\n\t\t\t\t\t<\/div>\n\t\t\t\t<\/div>\n\t\t\t\t<\/div>\n\t\t\t\t<\/div>\n\t\t\t\t<\/div>\n\t\t<div class=\"elementor-element elementor-element-0fa862c e-con-full e-flex e-con e-parent\" data-id=\"0fa862c\" data-element_type=\"container\" data-settings=\"{&quot;_ha_eqh_enable&quot;:false}\" data-core-v316-plus=\"true\">\n\t\t<div class=\"elementor-element elementor-element-5ed448b e-con-full e-flex e-con e-child\" data-id=\"5ed448b\" data-element_type=\"container\" data-settings=\"{&quot;background_background&quot;:&quot;classic&quot;,&quot;_ha_eqh_enable&quot;:false}\">\n\t\t\t\t<div class=\"elementor-element elementor-element-70a2224 elementor-widget__width-initial elementor-widget-mobile__width-initial elementor-widget elementor-widget-heading\" data-id=\"70a2224\" data-element_type=\"widget\" data-widget_type=\"heading.default\">\n\t\t\t\t<div class=\"elementor-widget-container\">\n\t\t\t<style>\/*! elementor - v3.20.0 - 26-03-2024 *\/\n.elementor-heading-title{padding:0;margin:0;line-height:1}.elementor-widget-heading .elementor-heading-title[class*=elementor-size-]>a{color:inherit;font-size:inherit;line-height:inherit}.elementor-widget-heading .elementor-heading-title.elementor-size-small{font-size:15px}.elementor-widget-heading .elementor-heading-title.elementor-size-medium{font-size:19px}.elementor-widget-heading .elementor-heading-title.elementor-size-large{font-size:29px}.elementor-widget-heading .elementor-heading-title.elementor-size-xl{font-size:39px}.elementor-widget-heading .elementor-heading-title.elementor-size-xxl{font-size:59px}<\/style><h2 class=\"elementor-heading-title elementor-size-default\">Zainteresowa\u0142y Ci\u0119 nasze us\u0142ugi?<\/h2>\t\t<\/div>\n\t\t\t\t<\/div>\n\t\t\t\t<div class=\"elementor-element elementor-element-b292413 elementor-widget__width-initial elementor-widget-mobile__width-initial elementor-widget elementor-widget-heading\" data-id=\"b292413\" data-element_type=\"widget\" data-widget_type=\"heading.default\">\n\t\t\t\t<div class=\"elementor-widget-container\">\n\t\t\t<h2 class=\"elementor-heading-title elementor-size-default\">Napisz do nas<\/h2>\t\t<\/div>\n\t\t\t\t<\/div>\n\t\t\t\t<div class=\"elementor-element elementor-element-cdc8cd0 elementor-widget__width-initial elementor-widget-mobile__width-initial elementor-widget-tablet__width-initial eael-contact-form-7-button-align-left eael-contact-form-7-button-custom elementor-widget elementor-widget-eael-contact-form-7\" data-id=\"cdc8cd0\" data-element_type=\"widget\" data-widget_type=\"eael-contact-form-7.default\">\n\t\t\t\t<div class=\"elementor-widget-container\">\n\t\t\t<div class=\"eael-contact-form-7-wrapper\">\n                <div class=\"eael-contact-form eael-contact-form-7 eael-contact-form-cdc8cd0 placeholder-show eael-custom-radio-checkbox eael-contact-form-align-default\">\n<div class=\"wpcf7 no-js\" id=\"wpcf7-f5-o1\" lang=\"pl-PL\" dir=\"ltr\">\n<div class=\"screen-reader-response\"><p role=\"status\" aria-live=\"polite\" aria-atomic=\"true\"><\/p> <ul><\/ul><\/div>\n<form action=\"\/index.php\/wp-json\/wp\/v2\/pages\/98#wpcf7-f5-o1\" method=\"post\" class=\"wpcf7-form init\" aria-label=\"Formularz kontaktowy\" novalidate=\"novalidate\" data-status=\"init\">\n<div style=\"display: none;\">\n<input type=\"hidden\" name=\"_wpcf7\" value=\"5\" \/>\n<input type=\"hidden\" name=\"_wpcf7_version\" value=\"5.9.3\" \/>\n<input type=\"hidden\" name=\"_wpcf7_locale\" value=\"pl_PL\" \/>\n<input type=\"hidden\" name=\"_wpcf7_unit_tag\" value=\"wpcf7-f5-o1\" \/>\n<input type=\"hidden\" name=\"_wpcf7_container_post\" value=\"0\" \/>\n<input type=\"hidden\" name=\"_wpcf7_posted_data_hash\" value=\"\" \/>\n<\/div>\n<p><span class=\"wpcf7-form-control-wrap\" data-name=\"your-name\"><input size=\"40\" class=\"wpcf7-form-control wpcf7-text wpcf7-validates-as-required\" autocomplete=\"name\" aria-required=\"true\" aria-invalid=\"false\" placeholder=\"Imi\u0119 i Nazwisko*\" value=\"\" type=\"text\" name=\"your-name\" \/><\/span>\n<\/p>\n<p><span class=\"wpcf7-form-control-wrap\" data-name=\"your-firm\"><input size=\"40\" class=\"wpcf7-form-control wpcf7-text wpcf7-validates-as-required\" autocomplete=\"firm\" aria-required=\"true\" aria-invalid=\"false\" placeholder=\"Nazwa firmy*\" value=\"\" type=\"text\" name=\"your-firm\" \/><\/span>\n<\/p>\n<p><span class=\"wpcf7-form-control-wrap\" data-name=\"your-email\"><input size=\"40\" class=\"wpcf7-form-control wpcf7-email wpcf7-validates-as-required wpcf7-text wpcf7-validates-as-email\" autocomplete=\"email\" aria-required=\"true\" aria-invalid=\"false\" placeholder=\"Email*\" value=\"\" type=\"email\" name=\"your-email\" \/><\/span>\n<\/p>\n<p><span class=\"wpcf7-form-control-wrap\" data-name=\"Numertelefonu\"><input size=\"40\" class=\"wpcf7-form-control wpcf7-tel wpcf7-validates-as-required wpcf7-text wpcf7-validates-as-tel\" aria-required=\"true\" aria-invalid=\"false\" placeholder=\"Numer telefonu\" value=\"\" type=\"tel\" name=\"Numertelefonu\" \/><\/span><br \/>\n<span class=\"wpcf7-form-control-wrap\" data-name=\"Liczbapracownikw\"><input class=\"wpcf7-form-control wpcf7-number wpcf7-validates-as-required wpcf7-validates-as-number\" min=\"0\" aria-required=\"true\" aria-invalid=\"false\" placeholder=\"Liczba pracownik\u00f3w*\" value=\"\" type=\"number\" name=\"Liczbapracownikw\" \/><\/span>\n<\/p>\n<p><span class=\"wpcf7-form-control-wrap\" data-name=\"Liczbafakturkosztowych\"><input class=\"wpcf7-form-control wpcf7-number wpcf7-validates-as-required wpcf7-validates-as-number\" min=\"0\" aria-required=\"true\" aria-invalid=\"false\" placeholder=\"Liczba faktur kosztowych*\" value=\"\" type=\"number\" name=\"Liczbafakturkosztowych\" \/><\/span>\n<\/p>\n<p><span class=\"wpcf7-form-control-wrap\" data-name=\"Liczbafaktursprzedaowych\"><input class=\"wpcf7-form-control wpcf7-number wpcf7-validates-as-required wpcf7-validates-as-number\" aria-required=\"true\" aria-invalid=\"false\" placeholder=\"Liczba faktur sprzeda\u017cowych*\" value=\"\" type=\"number\" name=\"Liczbafaktursprzedaowych\" \/><\/span>\n<\/p>\n<p><span class=\"wpcf7-form-control-wrap\" data-name=\"Akceptujwarunki\"><span class=\"wpcf7-form-control wpcf7-acceptance\"><span class=\"wpcf7-list-item\"><label><input type=\"checkbox\" name=\"Akceptujwarunki\" value=\"1\" aria-invalid=\"false\" \/><span class=\"wpcf7-list-item-label\">*Wyra\u017cam zgod\u0119 na przetwarzanie moich danych osobowych przez Kancelaria Prawno-Podatkowa Tiplex Sp. z o.o., z siedzib\u0105 przy ul. ul. Bukowska 332, 60-189 Pozna\u0144 w celu i w zakresie niezb\u0119dnym do realizacji obs\u0142ugi niniejszego zg\u0142oszenia.<\/span><\/label><\/span><\/span><\/span>\n<\/p>\n<p><input class=\"wpcf7-form-control wpcf7-submit has-spinner\" type=\"submit\" value=\"Wy\u015blij\" \/>\n<\/p><div class=\"wpcf7-response-output\" aria-hidden=\"true\"><\/div>\n<\/form>\n<\/div>\n<\/div>\n            <\/div>\t\t<\/div>\n\t\t\t\t<\/div>\n\t\t\t\t<\/div>\n\t\t<div class=\"elementor-element elementor-element-9d6ed52 e-con-full e-flex e-con e-child\" data-id=\"9d6ed52\" data-element_type=\"container\" data-settings=\"{&quot;background_background&quot;:&quot;classic&quot;}\">\n\t\t\t\t<div class=\"elementor-element elementor-element-9cb2300 elementor-absolute elementor-widget-tablet__width-initial elementor-hidden-tablet elementor-hidden-mobile elementor-widget elementor-widget-image\" data-id=\"9cb2300\" data-element_type=\"widget\" data-settings=\"{&quot;_position&quot;:&quot;absolute&quot;,&quot;ha_floating_fx&quot;:&quot;yes&quot;,&quot;ha_floating_fx_translate_toggle&quot;:&quot;yes&quot;,&quot;ha_floating_fx_translate_x&quot;:{&quot;unit&quot;:&quot;px&quot;,&quot;size&quot;:&quot;&quot;,&quot;sizes&quot;:{&quot;from&quot;:-100,&quot;to&quot;:-100}},&quot;ha_floating_fx_translate_y&quot;:{&quot;unit&quot;:&quot;px&quot;,&quot;size&quot;:&quot;&quot;,&quot;sizes&quot;:{&quot;from&quot;:0,&quot;to&quot;:0}},&quot;ha_floating_fx_translate_duration&quot;:{&quot;unit&quot;:&quot;px&quot;,&quot;size&quot;:1000,&quot;sizes&quot;:[]},&quot;ha_floating_fx_translate_delay&quot;:{&quot;unit&quot;:&quot;px&quot;,&quot;size&quot;:&quot;&quot;,&quot;sizes&quot;:[]}}\" data-widget_type=\"image.default\">\n\t\t\t\t<div class=\"elementor-widget-container\">\n\t\t\t<style>\/*! elementor - v3.20.0 - 26-03-2024 *\/\n.elementor-widget-image{text-align:center}.elementor-widget-image a{display:inline-block}.elementor-widget-image a img[src$=\".svg\"]{width:48px}.elementor-widget-image img{vertical-align:middle;display:inline-block}<\/style>\t\t\t\t\t\t\t\t\t\t<img fetchpriority=\"high\" decoding=\"async\" width=\"1486\" height=\"2048\" src=\"https:\/\/tiplex.pl\/wp-content\/uploads\/2024\/02\/kontakt-tiplex-3-1486x2048.png\" class=\"attachment-2048x2048 size-2048x2048 wp-image-185\" alt=\"\" srcset=\"https:\/\/tiplex.pl\/wp-content\/uploads\/2024\/02\/kontakt-tiplex-3-1486x2048.png 1486w, https:\/\/tiplex.pl\/wp-content\/uploads\/2024\/02\/kontakt-tiplex-3-218x300.png 218w, https:\/\/tiplex.pl\/wp-content\/uploads\/2024\/02\/kontakt-tiplex-3-743x1024.png 743w, https:\/\/tiplex.pl\/wp-content\/uploads\/2024\/02\/kontakt-tiplex-3-768x1059.png 768w, https:\/\/tiplex.pl\/wp-content\/uploads\/2024\/02\/kontakt-tiplex-3-1114x1536.png 1114w, https:\/\/tiplex.pl\/wp-content\/uploads\/2024\/02\/kontakt-tiplex-3.png 1900w\" sizes=\"(max-width: 1486px) 100vw, 1486px\" \/>\t\t\t\t\t\t\t\t\t\t\t\t\t<\/div>\n\t\t\t\t<\/div>\n\t\t\t\t<\/div>\n\t\t\t\t<\/div>\n\t\t<div class=\"elementor-element elementor-element-6b2c63c e-con-full e-flex e-con e-parent\" data-id=\"6b2c63c\" data-element_type=\"container\" data-settings=\"{&quot;_ha_eqh_enable&quot;:false}\" data-core-v316-plus=\"true\">\n\t\t\t\t<div class=\"elementor-element elementor-element-1545117 elementor-widget elementor-widget-google_maps\" data-id=\"1545117\" data-element_type=\"widget\" data-widget_type=\"google_maps.default\">\n\t\t\t\t<div class=\"elementor-widget-container\">\n\t\t\t<style>\/*! elementor - v3.20.0 - 26-03-2024 *\/\n.elementor-widget-google_maps .elementor-widget-container{overflow:hidden}.elementor-widget-google_maps .elementor-custom-embed{line-height:0}.elementor-widget-google_maps iframe{height:300px}<\/style>\t\t<div class=\"elementor-custom-embed\">\n\t\t\t<iframe loading=\"lazy\"\n\t\t\t\t\tsrc=\"https:\/\/maps.google.com\/maps?q=ul.%20Bukowska%20332%2C%20Pozna%C5%84%2060-189&#038;t=m&#038;z=13&#038;output=embed&#038;iwloc=near\"\n\t\t\t\t\ttitle=\"ul. Bukowska 332, Pozna\u0144 60-189\"\n\t\t\t\t\taria-label=\"ul. Bukowska 332, Pozna\u0144 60-189\"\n\t\t\t><\/iframe>\n\t\t<\/div>\n\t\t\t\t<\/div>\n\t\t\t\t<\/div>\n\t\t\t\t<\/div>\n\t\t\t\t<\/div>\n\t\t","protected":false},"excerpt":{"rendered":"<p>Adres ul. Bukowska 332, Pozna\u0144 60-189 Numer telefonu + 48 61 1000 800 Email info@tiplex.pl Dane rejestrowe KRS: 0000286274 NIP: [&hellip;]<\/p>\n","protected":false},"author":1,"featured_media":0,"parent":0,"menu_order":0,"comment_status":"closed","ping_status":"closed","template":"","meta":{"site-sidebar-layout":"default","site-content-layout":"","ast-site-content-layout":"","site-content-style":"default","site-sidebar-style":"default","ast-global-header-display":"","ast-banner-title-visibility":"","ast-main-header-display":"","ast-hfb-above-header-display":"","ast-hfb-below-header-display":"","ast-hfb-mobile-header-display":"","site-post-title":"","ast-breadcrumbs-content":"","ast-featured-img":"","footer-sml-layout":"","theme-transparent-header-meta":"","adv-header-id-meta":"","stick-header-meta":"","header-above-stick-meta":"","header-main-stick-meta":"","header-below-stick-meta":"","astra-migrate-meta-layouts":"default","ast-page-background-enabled":"default","ast-page-background-meta":{"desktop":{"background-color":"var(--ast-global-color-4)","background-image":"","background-repeat":"repeat","background-position":"center center","background-size":"auto","background-attachment":"scroll","background-type":"","background-media":"","overlay-type":"","overlay-color":"","overlay-gradient":""},"tablet":{"background-color":"","background-image":"","background-repeat":"repeat","background-position":"center center","background-size":"auto","background-attachment":"scroll","background-type":"","background-media":"","overlay-type":"","overlay-color":"","overlay-gradient":""},"mobile":{"background-color":"","background-image":"","background-repeat":"repeat","background-position":"center center","background-size":"auto","background-attachment":"scroll","background-type":"","background-media":"","overlay-type":"","overlay-color":"","overlay-gradient":""}},"ast-content-background-meta":{"desktop":{"background-color":"var(--ast-global-color-5)","background-image":"","background-repeat":"repeat","background-position":"center center","background-size":"auto","background-attachment":"scroll","background-type":"","background-media":"","overlay-type":"","overlay-color":"","overlay-gradient":""},"tablet":{"background-color":"var(--ast-global-color-5)","background-image":"","background-repeat":"repeat","background-position":"center center","background-size":"auto","background-attachment":"scroll","background-type":"","background-media":"","overlay-type":"","overlay-color":"","overlay-gradient":""},"mobile":{"background-color":"var(--ast-global-color-5)","background-image":"","background-repeat":"repeat","background-position":"center center","background-size":"auto","background-attachment":"scroll","background-type":"","background-media":"","overlay-type":"","overlay-color":"","overlay-gradient":""}},"footnotes":""},"class_list":["post-98","page","type-page","status-publish","hentry"],"yoast_head":"<!-- This site is optimized with the Yoast SEO plugin v22.4 - https:\/\/yoast.com\/wordpress\/plugins\/seo\/ -->\n<title>Kontakt - Tiplex sp. z o.o.<\/title>\n<meta name=\"robots\" content=\"index, follow, max-snippet:-1, max-image-preview:large, max-video-preview:-1\" \/>\n<link rel=\"canonical\" href=\"https:\/\/tiplex.pl\/index.php\/kontakt\/\" \/>\n<meta property=\"og:locale\" content=\"pl_PL\" \/>\n<meta property=\"og:type\" content=\"article\" \/>\n<meta property=\"og:title\" content=\"Kontakt - Tiplex sp. z o.o.\" \/>\n<meta property=\"og:description\" content=\"Adres ul. Bukowska 332, Pozna\u0144 60-189 Numer telefonu + 48 61 1000 800 Email info@tiplex.pl Dane rejestrowe KRS: 0000286274 NIP: [&hellip;]\" \/>\n<meta property=\"og:url\" content=\"https:\/\/tiplex.pl\/index.php\/kontakt\/\" \/>\n<meta property=\"og:site_name\" content=\"Tiplex sp. z o.o.\" \/>\n<meta property=\"article:modified_time\" content=\"2024-04-09T11:43:41+00:00\" \/>\n<meta property=\"og:image\" content=\"https:\/\/tiplex.pl\/wp-content\/uploads\/2024\/02\/kontakt-tiplex-3-1486x2048.png\" \/>\n<meta name=\"twitter:card\" content=\"summary_large_image\" \/>\n<meta name=\"twitter:label1\" content=\"Szacowany czas czytania\" \/>\n\t<meta name=\"twitter:data1\" content=\"1 minuta\" \/>\n<script type=\"application\/ld+json\" class=\"yoast-schema-graph\">{\"@context\":\"https:\/\/schema.org\",\"@graph\":[{\"@type\":\"WebPage\",\"@id\":\"https:\/\/tiplex.pl\/index.php\/kontakt\/\",\"url\":\"https:\/\/tiplex.pl\/index.php\/kontakt\/\",\"name\":\"Kontakt - Tiplex sp. z o.o.\",\"isPartOf\":{\"@id\":\"https:\/\/tiplex.pl\/#website\"},\"primaryImageOfPage\":{\"@id\":\"https:\/\/tiplex.pl\/index.php\/kontakt\/#primaryimage\"},\"image\":{\"@id\":\"https:\/\/tiplex.pl\/index.php\/kontakt\/#primaryimage\"},\"thumbnailUrl\":\"https:\/\/tiplex.pl\/wp-content\/uploads\/2024\/02\/kontakt-tiplex-3-1486x2048.png\",\"datePublished\":\"2024-02-20T10:07:29+00:00\",\"dateModified\":\"2024-04-09T11:43:41+00:00\",\"breadcrumb\":{\"@id\":\"https:\/\/tiplex.pl\/index.php\/kontakt\/#breadcrumb\"},\"inLanguage\":\"pl-PL\",\"potentialAction\":[{\"@type\":\"ReadAction\",\"target\":[\"https:\/\/tiplex.pl\/index.php\/kontakt\/\"]}]},{\"@type\":\"ImageObject\",\"inLanguage\":\"pl-PL\",\"@id\":\"https:\/\/tiplex.pl\/index.php\/kontakt\/#primaryimage\",\"url\":\"https:\/\/tiplex.pl\/wp-content\/uploads\/2024\/02\/kontakt-tiplex-3.png\",\"contentUrl\":\"https:\/\/tiplex.pl\/wp-content\/uploads\/2024\/02\/kontakt-tiplex-3.png\",\"width\":1900,\"height\":2619},{\"@type\":\"BreadcrumbList\",\"@id\":\"https:\/\/tiplex.pl\/index.php\/kontakt\/#breadcrumb\",\"itemListElement\":[{\"@type\":\"ListItem\",\"position\":1,\"name\":\"Home\",\"item\":\"https:\/\/tiplex.pl\/\"},{\"@type\":\"ListItem\",\"position\":2,\"name\":\"Kontakt\"}]},{\"@type\":\"WebSite\",\"@id\":\"https:\/\/tiplex.pl\/#website\",\"url\":\"https:\/\/tiplex.pl\/\",\"name\":\"Tiplex sp. z o.o.\",\"description\":\"Kancelaria prawno-podatkowa\",\"publisher\":{\"@id\":\"https:\/\/tiplex.pl\/#organization\"},\"potentialAction\":[{\"@type\":\"SearchAction\",\"target\":{\"@type\":\"EntryPoint\",\"urlTemplate\":\"https:\/\/tiplex.pl\/?s={search_term_string}\"},\"query-input\":\"required name=search_term_string\"}],\"inLanguage\":\"pl-PL\"},{\"@type\":\"Organization\",\"@id\":\"https:\/\/tiplex.pl\/#organization\",\"name\":\"Tiplex sp. z o.o.\",\"url\":\"https:\/\/tiplex.pl\/\",\"logo\":{\"@type\":\"ImageObject\",\"inLanguage\":\"pl-PL\",\"@id\":\"https:\/\/tiplex.pl\/#\/schema\/logo\/image\/\",\"url\":\"https:\/\/tiplex.pl\/wp-content\/uploads\/2024\/03\/cropped-Tiplexlogo-02.png\",\"contentUrl\":\"https:\/\/tiplex.pl\/wp-content\/uploads\/2024\/03\/cropped-Tiplexlogo-02.png\",\"width\":7731,\"height\":1830,\"caption\":\"Tiplex sp. z o.o.\"},\"image\":{\"@id\":\"https:\/\/tiplex.pl\/#\/schema\/logo\/image\/\"}}]}<\/script>\n<!-- \/ Yoast SEO plugin. -->","yoast_head_json":{"title":"Kontakt - Tiplex sp. z o.o.","robots":{"index":"index","follow":"follow","max-snippet":"max-snippet:-1","max-image-preview":"max-image-preview:large","max-video-preview":"max-video-preview:-1"},"canonical":"https:\/\/tiplex.pl\/index.php\/kontakt\/","og_locale":"pl_PL","og_type":"article","og_title":"Kontakt - Tiplex sp. z o.o.","og_description":"Adres ul. Bukowska 332, Pozna\u0144 60-189 Numer telefonu + 48 61 1000 800 Email info@tiplex.pl Dane rejestrowe KRS: 0000286274 NIP: [&hellip;]","og_url":"https:\/\/tiplex.pl\/index.php\/kontakt\/","og_site_name":"Tiplex sp. z o.o.","article_modified_time":"2024-04-09T11:43:41+00:00","og_image":[{"url":"https:\/\/tiplex.pl\/wp-content\/uploads\/2024\/02\/kontakt-tiplex-3-1486x2048.png"}],"twitter_card":"summary_large_image","twitter_misc":{"Szacowany czas czytania":"1 minuta"},"schema":{"@context":"https:\/\/schema.org","@graph":[{"@type":"WebPage","@id":"https:\/\/tiplex.pl\/index.php\/kontakt\/","url":"https:\/\/tiplex.pl\/index.php\/kontakt\/","name":"Kontakt - Tiplex sp. z o.o.","isPartOf":{"@id":"https:\/\/tiplex.pl\/#website"},"primaryImageOfPage":{"@id":"https:\/\/tiplex.pl\/index.php\/kontakt\/#primaryimage"},"image":{"@id":"https:\/\/tiplex.pl\/index.php\/kontakt\/#primaryimage"},"thumbnailUrl":"https:\/\/tiplex.pl\/wp-content\/uploads\/2024\/02\/kontakt-tiplex-3-1486x2048.png","datePublished":"2024-02-20T10:07:29+00:00","dateModified":"2024-04-09T11:43:41+00:00","breadcrumb":{"@id":"https:\/\/tiplex.pl\/index.php\/kontakt\/#breadcrumb"},"inLanguage":"pl-PL","potentialAction":[{"@type":"ReadAction","target":["https:\/\/tiplex.pl\/index.php\/kontakt\/"]}]},{"@type":"ImageObject","inLanguage":"pl-PL","@id":"https:\/\/tiplex.pl\/index.php\/kontakt\/#primaryimage","url":"https:\/\/tiplex.pl\/wp-content\/uploads\/2024\/02\/kontakt-tiplex-3.png","contentUrl":"https:\/\/tiplex.pl\/wp-content\/uploads\/2024\/02\/kontakt-tiplex-3.png","width":1900,"height":2619},{"@type":"BreadcrumbList","@id":"https:\/\/tiplex.pl\/index.php\/kontakt\/#breadcrumb","itemListElement":[{"@type":"ListItem","position":1,"name":"Home","item":"https:\/\/tiplex.pl\/"},{"@type":"ListItem","position":2,"name":"Kontakt"}]},{"@type":"WebSite","@id":"https:\/\/tiplex.pl\/#website","url":"https:\/\/tiplex.pl\/","name":"Tiplex sp. z o.o.","description":"Kancelaria prawno-podatkowa","publisher":{"@id":"https:\/\/tiplex.pl\/#organization"},"potentialAction":[{"@type":"SearchAction","target":{"@type":"EntryPoint","urlTemplate":"https:\/\/tiplex.pl\/?s={search_term_string}"},"query-input":"required name=search_term_string"}],"inLanguage":"pl-PL"},{"@type":"Organization","@id":"https:\/\/tiplex.pl\/#organization","name":"Tiplex sp. z o.o.","url":"https:\/\/tiplex.pl\/","logo":{"@type":"ImageObject","inLanguage":"pl-PL","@id":"https:\/\/tiplex.pl\/#\/schema\/logo\/image\/","url":"https:\/\/tiplex.pl\/wp-content\/uploads\/2024\/03\/cropped-Tiplexlogo-02.png","contentUrl":"https:\/\/tiplex.pl\/wp-content\/uploads\/2024\/03\/cropped-Tiplexlogo-02.png","width":7731,"height":1830,"caption":"Tiplex sp. z o.o."},"image":{"@id":"https:\/\/tiplex.pl\/#\/schema\/logo\/image\/"}}]}},"_links":{"self":[{"href":"https:\/\/tiplex.pl\/index.php\/wp-json\/wp\/v2\/pages\/98","targetHints":{"allow":["GET"]}}],"collection":[{"href":"https:\/\/tiplex.pl\/index.php\/wp-json\/wp\/v2\/pages"}],"about":[{"href":"https:\/\/tiplex.pl\/index.php\/wp-json\/wp\/v2\/types\/page"}],"author":[{"embeddable":true,"href":"https:\/\/tiplex.pl\/index.php\/wp-json\/wp\/v2\/users\/1"}],"replies":[{"embeddable":true,"href":"https:\/\/tiplex.pl\/index.php\/wp-json\/wp\/v2\/comments?post=98"}],"version-history":[{"count":175,"href":"https:\/\/tiplex.pl\/index.php\/wp-json\/wp\/v2\/pages\/98\/revisions"}],"predecessor-version":[{"id":1264,"href":"https:\/\/tiplex.pl\/index.php\/wp-json\/wp\/v2\/pages\/98\/revisions\/1264"}],"wp:attachment":[{"href":"https:\/\/tiplex.pl\/index.php\/wp-json\/wp\/v2\/media?parent=98"}],"curies":[{"name":"wp","href":"https:\/\/api.w.org\/{rel}","templated":true}]}}